{"id":1320,"date":"2022-12-13T07:06:03","date_gmt":"2022-12-13T06:06:03","guid":{"rendered":"https:\/\/itinerance.org\/?page_id=1320"},"modified":"2022-12-19T18:47:38","modified_gmt":"2022-12-19T17:47:38","slug":"mentionslegales","status":"publish","type":"page","link":"https:\/\/itinerance.org\/en\/mentionslegales\/","title":{"rendered":"Mentions l\u00e9gales"},"content":{"rendered":"","protected":false},"excerpt":{"rendered":"","protected":false},"author":1,"featured_media":0,"parent":0,"menu_order":17,"comment_status":"closed","ping_status":"closed","template":"","meta":{"_exactmetrics_skip_tracking":false,"_exactmetrics_sitenote_active":false,"_exactmetrics_sitenote_note":"","_exactmetrics_sitenote_category":0},"class_list":["post-1320","page","type-page","status-publish","hentry"],"grid":"{\r\n  \"colCount\": 16,\r\n  \"colGutter\": 2,\r\n  \"rowGutters\": [],\r\n  \"frameMargin\": 1.4,\r\n  \"topFrameMargin\": 1.4,\r\n  \"bottomFrameMargin\": 2.8,\r\n  \"rowAttrs\": [\r\n    {\r\n      \"relid\": 5\r\n    }\r\n  ],\r\n  \"bgColor\": null,\r\n  \"cont\": [\r\n    {\r\n      \"type\": \"text\",\r\n      \"cont\": \"<p class=\\\"_GrandTitre\\\">Legal Terms<\/p><p class=\\\"_Default\\\"><span style=\\\"font-weight: 400;\\\"><br \/>Publisher and owner of the site:<br \/>Itin\u00e9rance M\u00e9diterran\u00e9e, a registered association under the 1901 law whose headquarter is:\u00a0Chez Perdrix, 9 place des Marseillaises, 13001 Marseille.<\/span><\/p><p class=\\\"_Default\\\"><span style=\\\"font-weight: 400;\\\">Siren number: 900 973 629<br \/><\/span><span style=\\\"font-weight: 400;\\\">caroline@itinerance.org<\/span><\/p><p class=\\\"_Default\\\"><span style=\\\"font-weight: 400;\\\">Host: OVH SAS<br \/><\/span><span style=\\\"font-weight: 400;\\\">Head office: 2 rue Kellermann - 59100 Roubaix - France. <br \/>President: Michel Paulin. OVH SAS is a subsidiary of OVH Groupe SA, a company registered with the Lille RCS under number 537 407 926 located at 2, rue Kellermann, 59100 Roubaix.<\/span><\/p><p class=\\\"_Default\\\"><span style=\\\"font-weight: 400;\\\">The entire site, including its structure and content (texts, graphics, images, photographs, videos, logos, sounds, etc.) is protected by copyright and intellectual property rights of Itin\u00e9rance M\u00e9diterran\u00e9e.\u00a0<\/span><span style=\\\"font-weight: 400;\\\">Any reproduction, representation, modification, publication, adaptation of all or part of the elements of the site, whatever the means or process used, is prohibited, except with the prior written authorization of Itin\u00e9rance M\u00e9diterran\u00e9e.<\/span><\/p>\",\r\n      \"align\": \"top\",\r\n      \"row\": 0,\r\n      \"col\": 2,\r\n      \"colspan\": 6,\r\n      \"offsetx\": 0,\r\n      \"offsety\": 0,\r\n      \"spaceabove\": 0,\r\n      \"spacebelow\": 0,\r\n      \"yvel\": 1,\r\n      \"push\": 2,\r\n      \"relid\": 4,\r\n      \"frameOverflow\": \"\"\r\n    }\r\n  ]\r\n}","phonegrid":"{\r\n  \"colCount\": 1,\r\n  \"colGutter\": \"2\",\r\n  \"rowGutters\": [],\r\n  \"frameMargin\": 4,\r\n  \"topFrameMargin\": 12,\r\n  \"bottomFrameMargin\": 4,\r\n  \"rowAttrs\": [\r\n    {\r\n      \"relid\": 6\r\n    }\r\n  ],\r\n  \"bgColor\": null,\r\n  \"cont\": [\r\n    {\r\n      \"type\": \"text\",\r\n      \"cont\": \"<p class=\\\"_GrandTitre\\\">Legal Terms<\/p><p class=\\\"_Default\\\"><span style=\\\"font-weight: 400;\\\"><br \/>Publisher and owner of the site:<br \/>Itin\u00e9rance M\u00e9diterran\u00e9e, a registered association under the 1901 law whose headquarter is:\u00a0Chez Perdrix, 9 place des Marseillaises, 13001 Marseille.<\/span><\/p><p class=\\\"_Default\\\"><span style=\\\"font-weight: 400;\\\">Siren number: 900 973 629<br \/><\/span><span style=\\\"font-weight: 400;\\\">caroline@itinerance.org<\/span><\/p><p class=\\\"_Default\\\"><span style=\\\"font-weight: 400;\\\">Host: OVH SAS<br \/><\/span><span style=\\\"font-weight: 400;\\\">Head office: 2 rue Kellermann - 59100 Roubaix - France. <br \/>President: Michel Paulin. OVH SAS is a subsidiary of OVH Groupe SA, a company registered with the Lille RCS under number 537 407 926 located at 2, rue Kellermann, 59100 Roubaix.<\/span><\/p><p class=\\\"_Default\\\"><span style=\\\"font-weight: 400;\\\">The entire site, including its structure and content (texts, graphics, images, photographs, videos, logos, sounds, etc.) is protected by copyright and intellectual property rights of Itin\u00e9rance M\u00e9diterran\u00e9e.\u00a0<\/span><span style=\\\"font-weight: 400;\\\">Any reproduction, representation, modification, publication, adaptation of all or part of the elements of the site, whatever the means or process used, is prohibited, except with the prior written authorization of Itin\u00e9rance M\u00e9diterran\u00e9e.<\/span><\/p>\",\r\n      \"align\": \"bottom\",\r\n      \"row\": 0,\r\n      \"col\": 0,\r\n      \"colspan\": 1,\r\n      \"offsetx\": 0,\r\n      \"offsety\": 0,\r\n      \"spaceabove\": 0,\r\n      \"spacebelow\": 0,\r\n      \"yvel\": 1,\r\n      \"push\": 0,\r\n      \"relid\": 4,\r\n      \"frameOverflow\": \"\"\r\n    }\r\n  ]\r\n}","_links":{"self":[{"href":"https:\/\/itinerance.org\/en\/wp-json\/wp\/v2\/pages\/1320"}],"collection":[{"href":"https:\/\/itinerance.org\/en\/wp-json\/wp\/v2\/pages"}],"about":[{"href":"https:\/\/itinerance.org\/en\/wp-json\/wp\/v2\/types\/page"}],"author":[{"embeddable":true,"href":"https:\/\/itinerance.org\/en\/wp-json\/wp\/v2\/users\/1"}],"replies":[{"embeddable":true,"href":"https:\/\/itinerance.org\/en\/wp-json\/wp\/v2\/comments?post=1320"}],"version-history":[{"count":0,"href":"https:\/\/itinerance.org\/en\/wp-json\/wp\/v2\/pages\/1320\/revisions"}],"wp:attachment":[{"href":"https:\/\/itinerance.org\/en\/wp-json\/wp\/v2\/media?parent=1320"}],"curies":[{"name":"wp","href":"https:\/\/api.w.org\/{rel}","templated":true}]}}